{"id":123,"date":"2019-05-15T19:01:12","date_gmt":"2019-05-15T17:01:12","guid":{"rendered":"http:\/\/etoiles-moiry.ch\/?page_id=123"},"modified":"2026-05-14T11:37:13","modified_gmt":"2026-05-14T09:37:13","slug":"bienvenue","status":"publish","type":"page","link":"https:\/\/etoiles-moiry.ch\/","title":{"rendered":""},"content":{"rendered":"\n<h1 class=\"wp-block-heading has-text-color has-link-color has-large-font-size wp-elements-999fe292a11f23a35c9903822a28049b\" style=\"color:#ff0000\">Tir des Grassis 2026<\/h1>\n\n\n\n<p>Chers amis tireurs,<\/p>\n\n\n\n<p>Nous vous confirmons que notre 36e f\u00eate de tir se d\u00e9roulera <strong>du mercredi 3 au samedi 6 juin prochains<\/strong>.<\/p>\n\n\n\n<p>Nous nous r\u00e9jouissons de vous accueillir dans notre stand \u00e0 cette occasion.<br>Le plan de tir ainsi que les bulletins d&rsquo;inscription sont d\u00e9sormais disponibles <a href=\"https:\/\/etoiles-moiry.ch\/index.php\/2026\/05\/14\/informations-et-inscriptions-2026-2\/\">sur la page d\u00e9di\u00e9e<\/a>.<\/p>\n\n\n\n<p>Nous vous souhaitons une bonne saison de tir 2026 !<\/p>\n\n\n\n<hr class=\"wp-block-separator has-text-color has-alpha-channel-opacity has-background is-style-default\" style=\"background-color:#ffed25;color:#ffed25\"\/>\n\n\n\n<h1 class=\"wp-block-heading has-text-color has-large-font-size\" style=\"color:#e90d10\">Avis de tir<\/h1>\n\n\n\n<p>Mesdames, Messieurs,<\/p>\n\n\n\n<p>La saison 2026 a d\u00e9sormais d\u00e9but\u00e9 dans notre stand. La liste des tirs de l&rsquo;ann\u00e9e est consultable via le menu ci-dessus ou en suivant <a href=\"https:\/\/etoiles-moiry.ch\/index.php\/avis-de-tirs\/\">ce lien<\/a>.<\/p>\n\n\n\n<hr class=\"wp-block-separator has-text-color has-alpha-channel-opacity has-background is-style-default\" style=\"background-color:#ffed25;color:#ffed25\"\/>\n\n\n\n<h1 class=\"wp-block-heading has-text-color has-large-font-size\" style=\"color:#e90d10\">Location de la buvette du stand<\/h1>\n\n\n\n<p>Mesdames, Messieurs,<\/p>\n\n\n\n<p>Vous \u00eates int\u00e9ress\u00e9s \u00e0 organiser une r\u00e9union de famille ou entre amis dans le stand ?<br>La buvette de notre stand, ainsi que les ext\u00e9rieurs sont \u00e0 votre disposition. <\/p>\n\n\n\n<p>Toutes les informations sont disponibles sur la <a href=\"https:\/\/etoiles-moiry.ch\/index.php\/location-de-la-buvette\/\">page d\u00e9di\u00e9e<\/a>.<\/p>\n\n\n\n<hr class=\"wp-block-separator has-text-color has-alpha-channel-opacity has-background is-style-default\" style=\"background-color:#ffed25;color:#ffed25\"\/>\n\n\n\n<h1 class=\"wp-block-heading has-text-color has-link-color has-large-font-size wp-elements-efb6a38aa7dca73cc6bdf83ae907d992\" style=\"color:#fe0000\">Nouveau logo !<\/h1>\n\n\n\n<p>Peut-\u00eatre l&rsquo;avez-vous remarqu\u00e9 en ouvrant la page de notre site ou dans les documents consacr\u00e9s \u00e0 notre Tir des Grassis. Au d\u00e9but de l&rsquo;\u00e9t\u00e9 2025, nous avons publi\u00e9 notre nouveau logo :<\/p>\n\n\n<div class=\"wp-block-image\">\n<figure class=\"aligncenter size-full\"><img loading=\"lazy\" decoding=\"async\" width=\"1024\" height=\"768\" src=\"https:\/\/etoiles-moiry.ch\/wp-content\/uploads\/2025\/10\/Logos-Etoiles.001.jpeg\" alt=\"\" class=\"wp-image-743\" srcset=\"https:\/\/etoiles-moiry.ch\/wp-content\/uploads\/2025\/10\/Logos-Etoiles.001.jpeg 1024w, https:\/\/etoiles-moiry.ch\/wp-content\/uploads\/2025\/10\/Logos-Etoiles.001-300x225.jpeg 300w, https:\/\/etoiles-moiry.ch\/wp-content\/uploads\/2025\/10\/Logos-Etoiles.001-768x576.jpeg 768w, https:\/\/etoiles-moiry.ch\/wp-content\/uploads\/2025\/10\/Logos-Etoiles.001-624x468.jpeg 624w\" sizes=\"auto, (max-width: 1024px) 100vw, 1024px\" \/><\/figure>\n<\/div>\n\n\n<p>Nous sommes heureux, d\u00e9sormais, de pouvoir visiter les diff\u00e9rents stands avec des v\u00eatements \u00e0 l&rsquo;effigie de notre soci\u00e9t\u00e9 !<\/p>\n\n\n\n<hr class=\"wp-block-separator has-text-color has-alpha-channel-opacity has-background is-style-default\" style=\"background-color:#ffed25;color:#ffed25\"\/>\n\n\n\n<h1 class=\"wp-block-heading has-text-color has-large-font-size\" style=\"color:#e90d10\">Tir des Grassis 2025<\/h1>\n\n\n\n<p>Chers amis,<\/p>\n\n\n\n<p>Le tir des Grassis 2025 est d\u00e9sormais termin\u00e9. Place aux r\u00e9sultats dans quelque temps&#8230; Merci \u00e0 tous les participants \u00e0 cette nouvelle cuv\u00e9e.<br>Vous trouverez toutes les infos sur la <a href=\"https:\/\/etoiles-moiry.ch\/index.php\/2025\/06\/15\/resultats-2025\/\">page d\u00e9di\u00e9e<\/a>.<\/p>\n","protected":false},"excerpt":{"rendered":"<p>Tir des Grassis 2026 Chers amis tireurs, Nous vous confirmons que notre 36e f\u00eate de tir se d\u00e9roulera du mercredi 3 au samedi 6 juin prochains. Nous nous r\u00e9jouissons de vous accueillir dans notre stand \u00e0 cette occasion.Le plan de tir ainsi que les bulletins d&rsquo;inscription sont d\u00e9sormais disponibles sur la page d\u00e9di\u00e9e. Nous vous [&hellip;]<\/p>\n","protected":false},"author":1,"featured_media":0,"parent":0,"menu_order":0,"comment_status":"closed","ping_status":"closed","template":"","meta":{"footnotes":""},"class_list":["post-123","page","type-page","status-publish","hentry"],"_links":{"self":[{"href":"https:\/\/etoiles-moiry.ch\/index.php\/wp-json\/wp\/v2\/pages\/123","targetHints":{"allow":["GET"]}}],"collection":[{"href":"https:\/\/etoiles-moiry.ch\/index.php\/wp-json\/wp\/v2\/pages"}],"about":[{"href":"https:\/\/etoiles-moiry.ch\/index.php\/wp-json\/wp\/v2\/types\/page"}],"author":[{"embeddable":true,"href":"https:\/\/etoiles-moiry.ch\/index.php\/wp-json\/wp\/v2\/users\/1"}],"replies":[{"embeddable":true,"href":"https:\/\/etoiles-moiry.ch\/index.php\/wp-json\/wp\/v2\/comments?post=123"}],"version-history":[{"count":62,"href":"https:\/\/etoiles-moiry.ch\/index.php\/wp-json\/wp\/v2\/pages\/123\/revisions"}],"predecessor-version":[{"id":821,"href":"https:\/\/etoiles-moiry.ch\/index.php\/wp-json\/wp\/v2\/pages\/123\/revisions\/821"}],"wp:attachment":[{"href":"https:\/\/etoiles-moiry.ch\/index.php\/wp-json\/wp\/v2\/media?parent=123"}],"curies":[{"name":"wp","href":"https:\/\/api.w.org\/{rel}","templated":true}]}}