{"id":72,"date":"2022-07-27T19:42:32","date_gmt":"2022-07-27T17:42:32","guid":{"rendered":"http:\/\/etoiles-moiry.ch\/?page_id=72"},"modified":"2026-04-10T13:46:15","modified_gmt":"2026-04-10T11:46:15","slug":"acces-reserve-aux-membres","status":"publish","type":"page","link":"https:\/\/etoiles-moiry.ch\/index.php\/acces-reserve-aux-membres\/","title":{"rendered":"Acc\u00e8s r\u00e9serv\u00e9 aux membres"},"content":{"rendered":"Vous devez \u00eatre connect\u00e9 pour voir ce contenu.","protected":false},"excerpt":{"rendered":"Vous devez \u00eatre connect\u00e9 pour voir ce contenu.","protected":false},"author":1,"featured_media":0,"parent":0,"menu_order":0,"comment_status":"closed","ping_status":"closed","template":"","meta":{"footnotes":""},"class_list":["post-72","page","type-page","status-publish","hentry"],"_links":{"self":[{"href":"https:\/\/etoiles-moiry.ch\/index.php\/wp-json\/wp\/v2\/pages\/72","targetHints":{"allow":["GET"]}}],"collection":[{"href":"https:\/\/etoiles-moiry.ch\/index.php\/wp-json\/wp\/v2\/pages"}],"about":[{"href":"https:\/\/etoiles-moiry.ch\/index.php\/wp-json\/wp\/v2\/types\/page"}],"author":[{"embeddable":true,"href":"https:\/\/etoiles-moiry.ch\/index.php\/wp-json\/wp\/v2\/users\/1"}],"replies":[{"embeddable":true,"href":"https:\/\/etoiles-moiry.ch\/index.php\/wp-json\/wp\/v2\/comments?post=72"}],"version-history":[{"count":47,"href":"https:\/\/etoiles-moiry.ch\/index.php\/wp-json\/wp\/v2\/pages\/72\/revisions"}],"predecessor-version":[{"id":772,"href":"https:\/\/etoiles-moiry.ch\/index.php\/wp-json\/wp\/v2\/pages\/72\/revisions\/772"}],"wp:attachment":[{"href":"https:\/\/etoiles-moiry.ch\/index.php\/wp-json\/wp\/v2\/media?parent=72"}],"curies":[{"name":"wp","href":"https:\/\/api.w.org\/{rel}","templated":true}]}}